{"id":479,"date":"2023-08-31T14:34:19","date_gmt":"2023-08-31T14:34:19","guid":{"rendered":"https:\/\/gereformeerdnumansdorp.nl\/?page_id=479"},"modified":"2023-11-04T14:02:51","modified_gmt":"2023-11-04T14:02:51","slug":"kerkdienst","status":"publish","type":"page","link":"https:\/\/gereformeerdnumansdorp.nl\/index.php\/kerkdienst\/","title":{"rendered":"Kerkdienst"},"content":{"rendered":"\n<div class=\"section-wrapper\" data-id=\"ZDBmF3\"><section class=\"wp-block-gutenverse-section guten-element guten-section guten-ZDBmF3 layout-boxed align-stretch\"><div class=\"guten-background-overlay\"><\/div><div class=\"guten-shape-divider guten-shape-divider-top\"><\/div><div class=\"guten-shape-divider guten-shape-divider-bottom\"><\/div><div class=\"guten-container guten-column-gap-default\">\n<div class=\"wp-block-gutenverse-column guten-element guten-column guten-LSsmhG\"><div class=\"guten-background-overlay\"><\/div><div class=\"sticky-wrapper\" data-id=\"LSsmhG\"><div class=\"guten-column-wrapper\">\n<div class=\"wp-block-gutenverse-image guten-element guten-image guten-TCOcQl\"><a class=\"guten-image-wrapper\"><img decoding=\"async\" class=\"gutenverse-image-box-filled\" src=\"https:\/\/gereformeerdnumansdorp.nl\/wp-content\/uploads\/2023\/10\/bord.jpg\" height=\"1707\" width=\"2560\"\/><\/a><\/div>\n<\/div><\/div><\/div>\n\n\n\n<div class=\"wp-block-gutenverse-column guten-element guten-column guten-FU0Qgj\"><div class=\"guten-background-overlay\"><\/div><div class=\"sticky-wrapper\" data-id=\"FU0Qgj\"><div class=\"guten-column-wrapper\">\n<h2 class=\"wp-block-heading\">Wekelijkse eredienst<\/h2>\n\n\n\n<div class=\"guten-element gutenverse-text-editor guten-Rqjo83\"><div class=\"text-content-inner\">\n<p>Elke zondagmorgen om 9.30 uur is er een eredienst in De Hoeksteen. V\u00f3\u00f3r aanvang van de dienst heet een gemeentelid elke bezoeker welkom en deelt eventuele liturgie\u00ebn uit. U stapt dus nooit \u2018verloren\u2019 onze kerk binnen!<\/p>\n<\/div><\/div>\n<\/div><\/div><\/div>\n<\/div><\/section><\/div>\n\n\n\n<div class=\"wp-block-gutenverse-divider guten-element guten-divider guten-eRSEsa\"><div class=\"guten-divider-wrapper\"><div class=\"guten-divider-default guten-divider-line guten-divider-regular\"><\/div><\/div><\/div>\n\n\n\n<div class=\"section-wrapper\" data-id=\"Dd7xrd\"><section class=\"wp-block-gutenverse-section guten-element guten-section guten-Dd7xrd layout-boxed align-stretch\"><div class=\"guten-background-overlay\"><\/div><div class=\"guten-shape-divider guten-shape-divider-top\"><\/div><div class=\"guten-shape-divider guten-shape-divider-bottom\"><\/div><div class=\"guten-container guten-column-gap-default\">\n<div class=\"wp-block-gutenverse-column guten-element guten-column guten-cRNBjQ\"><div class=\"guten-background-overlay\"><\/div><div class=\"sticky-wrapper\" data-id=\"cRNBjQ\"><div class=\"guten-column-wrapper\">\n<h2 class=\"wp-block-heading\">Bijzondere erediensten<\/h2>\n\n\n\n<div class=\"guten-element gutenverse-text-editor guten-Ug7S2H\"><div class=\"text-content-inner\">\n<p>Er zijn van die dagen in het (kerkelijk) jaar die vragen om bijzondere erediensten. Bijvoorbeeld de zondagen in de veertigdagentijd, in de tijd van advent en natuurlijk de diensten op de grote kerkelijke feestdagen. Op allerlei manieren geven we aan deze diensten een bijzonder tintje mee, bijvoorbeeld via de muziek, door een liturgisch bloemstuk, het zingen van andere dan de \u2018gebruikelijke\u2019 liederen. De werkgroep heeft, in overleg met de voorganger, een belangrijk aandeel in de invulling van deze diensten.<\/p>\n<\/div><\/div>\n<\/div><\/div><\/div>\n\n\n\n<div class=\"wp-block-gutenverse-column guten-element guten-column guten-PdX2xR\"><div class=\"guten-background-overlay\"><\/div><div class=\"sticky-wrapper\" data-id=\"PdX2xR\"><div class=\"guten-column-wrapper\">\n<figure class=\"wp-block-image size-large\"><img decoding=\"async\" width=\"854\" height=\"1024\" src=\"https:\/\/gereformeerdnumansdorp.nl\/wp-content\/uploads\/2023\/10\/tafel-854x1024.jpg\" alt=\"\" class=\"wp-image-1141\" srcset=\"https:\/\/gereformeerdnumansdorp.nl\/wp-content\/uploads\/2023\/10\/tafel-854x1024.jpg 854w, https:\/\/gereformeerdnumansdorp.nl\/wp-content\/uploads\/2023\/10\/tafel-250x300.jpg 250w, https:\/\/gereformeerdnumansdorp.nl\/wp-content\/uploads\/2023\/10\/tafel-768x921.jpg 768w, https:\/\/gereformeerdnumansdorp.nl\/wp-content\/uploads\/2023\/10\/tafel-1281x1536.jpg 1281w, https:\/\/gereformeerdnumansdorp.nl\/wp-content\/uploads\/2023\/10\/tafel-1708x2048.jpg 1708w\" sizes=\"(max-width: 854px) 100vw, 854px\" \/><\/figure>\n<\/div><\/div><\/div>\n<\/div><\/section><\/div>\n\n\n\n<div class=\"wp-block-gutenverse-divider guten-element guten-divider guten-cH2Nr3\"><div class=\"guten-divider-wrapper\"><div class=\"guten-divider-default guten-divider-line guten-divider-regular\"><\/div><\/div><\/div>\n\n\n\n<div class=\"section-wrapper\" data-id=\"RP1dPK\"><section class=\"wp-block-gutenverse-section guten-element guten-section guten-RP1dPK layout-boxed align-stretch\"><div class=\"guten-background-overlay\"><\/div><div class=\"guten-shape-divider guten-shape-divider-top\"><\/div><div class=\"guten-shape-divider guten-shape-divider-bottom\"><\/div><div class=\"guten-container guten-column-gap-default\">\n<div class=\"wp-block-gutenverse-column guten-element guten-column guten-AGWbUh\"><div class=\"guten-background-overlay\"><\/div><div class=\"sticky-wrapper\" data-id=\"AGWbUh\"><div class=\"guten-column-wrapper\">\n<div class=\"wp-block-gutenverse-image guten-element guten-image guten-6vWgKQ\"><a class=\"guten-image-wrapper\"><img decoding=\"async\" class=\"gutenverse-image-box-filled\" src=\"https:\/\/gereformeerdnumansdorp.nl\/wp-content\/uploads\/2023\/10\/collecte.jpg\" height=\"1707\" width=\"2560\"\/><\/a><\/div>\n<\/div><\/div><\/div>\n\n\n\n<div class=\"wp-block-gutenverse-column guten-element guten-column guten-LPEu9M\"><div class=\"guten-background-overlay\"><\/div><div class=\"sticky-wrapper\" data-id=\"LPEu9M\"><div class=\"guten-column-wrapper\">\n<h2 class=\"wp-block-heading\">Collectebonnen<\/h2>\n\n\n\n<div class=\"guten-element gutenverse-text-editor guten-IDGdar\"><div class=\"text-content-inner\">\n<p>Bestel&nbsp;<a href=\"https:\/\/gereformeerdnumansdorp.nl\/index.php\/collectebonnen\/\" data-type=\"page\" data-id=\"1150\">hier<\/a>&nbsp;uw collectebonnen<\/p>\n<\/div><\/div>\n<\/div><\/div><\/div>\n<\/div><\/section><\/div>\n\n\n\n<div class=\"wp-block-gutenverse-divider guten-element guten-divider guten-CWCePU\"><div class=\"guten-divider-wrapper\"><div class=\"guten-divider-default guten-divider-line guten-divider-regular\"><\/div><\/div><\/div>\n\n\n\n<div class=\"section-wrapper\" data-id=\"UGWTuW\"><section class=\"wp-block-gutenverse-section guten-element guten-section guten-UGWTuW layout-boxed align-stretch\"><div class=\"guten-background-overlay\"><\/div><div class=\"guten-shape-divider guten-shape-divider-top\"><\/div><div class=\"guten-shape-divider guten-shape-divider-bottom\"><\/div><div class=\"guten-container guten-column-gap-default\">\n<div class=\"wp-block-gutenverse-column guten-element guten-column guten-P8vs82\"><div class=\"guten-background-overlay\"><\/div><div class=\"sticky-wrapper\" data-id=\"P8vs82\"><div class=\"guten-column-wrapper\">\n<h2 class=\"wp-block-heading\">Kindernevendienst &#8211; jeugd<\/h2>\n\n\n\n<div class=\"guten-element gutenverse-text-editor guten-IfrmJ8\"><div class=\"text-content-inner\">\n<p>Kindernevendienst<\/p>\n\n\n\n<p>Tijdens de kerkdienst gaan de kinderen, die op de basisschool zitten, naar de kindernevendienst. De kinderen en leiding krijgen dan het licht mee, in de vorm van een paaskaars en horen daar een verhaal uit de bijbel. We werken met de methode Bijbel Basics. Na dit verhaal gaan de kinderen een kleurplaat, puzzel en\/of een spel doen wat met de vertelling te maken heeft.<\/p>\n\n\n\n<p>Jeugd<\/p>\n\n\n\n<p>De PKN kerken van Numansdorp organiseren allerlei activiteiten voor kids, tieners en jongeren. Clubs, eigen kerkdiensten waarin jongeren (mee)bepalen wat er gebeurt en ook de inhoud bepalen van deze website. Denk en praat mee en maak de kerk nog leuker!<\/p>\n\n\n\n<p>Er zijn jeugdclubs voor verschillende leeftijden. Zowel kinderen vanuit onze kerken&nbsp; als kinderen daarbuiten komen graag naar de clubs. Interesse om mee te doen? Kom eens een keer kijken! Er kunnen altijd kinderen bij en ook leiding is zeer welkom.<\/p>\n\n\n\n<p>Heb je vragen of wil je iets weten mail naar Arnoud van Velzen&nbsp;<a href=\"mailto:jeugdouderling.gk@kerknumansdorp.nl\" target=\"_blank\" rel=\"noreferrer noopener\">jeugdouderling.gk@kerknumansdorp.nl<\/a><\/p>\n<\/div><\/div>\n<\/div><\/div><\/div>\n\n\n\n<div class=\"wp-block-gutenverse-column guten-element guten-column guten-9MYU7c\"><div class=\"guten-background-overlay\"><\/div><div class=\"sticky-wrapper\" data-id=\"9MYU7c\"><div class=\"guten-column-wrapper\">\n<figure class=\"wp-block-image size-large\"><img decoding=\"async\" width=\"768\" height=\"1024\" src=\"https:\/\/gereformeerdnumansdorp.nl\/wp-content\/uploads\/2023\/10\/kindernevendienst-768x1024.jpg\" alt=\"\" class=\"wp-image-1146\" srcset=\"https:\/\/gereformeerdnumansdorp.nl\/wp-content\/uploads\/2023\/10\/kindernevendienst-768x1024.jpg 768w, https:\/\/gereformeerdnumansdorp.nl\/wp-content\/uploads\/2023\/10\/kindernevendienst-225x300.jpg 225w, https:\/\/gereformeerdnumansdorp.nl\/wp-content\/uploads\/2023\/10\/kindernevendienst-1152x1536.jpg 1152w, https:\/\/gereformeerdnumansdorp.nl\/wp-content\/uploads\/2023\/10\/kindernevendienst.jpg 1200w\" sizes=\"(max-width: 768px) 100vw, 768px\" \/><\/figure>\n<\/div><\/div><\/div>\n<\/div><\/section><\/div>\n","protected":false},"excerpt":{"rendered":"","protected":false},"author":1,"featured_media":0,"parent":0,"menu_order":0,"comment_status":"closed","ping_status":"closed","template":"","meta":{"_EventAllDay":false,"_EventTimezone":"","_EventStartDate":"","_EventEndDate":"","_EventStartDateUTC":"","_EventEndDateUTC":"","_EventShowMap":false,"_EventShowMapLink":false,"_EventURL":"","_EventCost":"","_EventCostDescription":"","_EventCurrencySymbol":"","_EventCurrencyCode":"","_EventCurrencyPosition":"","_EventDateTimeSeparator":"","_EventTimeRangeSeparator":"","_EventOrganizerID":[],"_EventVenueID":[],"_OrganizerEmail":"","_OrganizerPhone":"","_OrganizerWebsite":"","_VenueAddress":"","_VenueCity":"","_VenueCountry":"","_VenueProvince":"","_VenueState":"","_VenueZip":"","_VenuePhone":"","_VenueURL":"","_VenueStateProvince":"","_VenueLat":"","_VenueLng":"","_VenueShowMap":false,"_VenueShowMapLink":false,"footnotes":""},"class_list":["post-479","page","type-page","status-publish","hentry"],"_links":{"self":[{"href":"https:\/\/gereformeerdnumansdorp.nl\/index.php\/wp-json\/wp\/v2\/pages\/479","targetHints":{"allow":["GET"]}}],"collection":[{"href":"https:\/\/gereformeerdnumansdorp.nl\/index.php\/wp-json\/wp\/v2\/pages"}],"about":[{"href":"https:\/\/gereformeerdnumansdorp.nl\/index.php\/wp-json\/wp\/v2\/types\/page"}],"author":[{"embeddable":true,"href":"https:\/\/gereformeerdnumansdorp.nl\/index.php\/wp-json\/wp\/v2\/users\/1"}],"replies":[{"embeddable":true,"href":"https:\/\/gereformeerdnumansdorp.nl\/index.php\/wp-json\/wp\/v2\/comments?post=479"}],"version-history":[{"count":40,"href":"https:\/\/gereformeerdnumansdorp.nl\/index.php\/wp-json\/wp\/v2\/pages\/479\/revisions"}],"predecessor-version":[{"id":1413,"href":"https:\/\/gereformeerdnumansdorp.nl\/index.php\/wp-json\/wp\/v2\/pages\/479\/revisions\/1413"}],"wp:attachment":[{"href":"https:\/\/gereformeerdnumansdorp.nl\/index.php\/wp-json\/wp\/v2\/media?parent=479"}],"curies":[{"name":"wp","href":"https:\/\/api.w.org\/{rel}","templated":true}]}}